{"id":827,"date":"2020-04-21T10:38:48","date_gmt":"2020-04-21T10:38:48","guid":{"rendered":"http:\/\/www.tmctechnik.pl\/?page_id=827"},"modified":"2020-06-30T20:30:31","modified_gmt":"2020-06-30T20:30:31","slug":"utrzymanie-ruchu-2","status":"publish","type":"page","link":"https:\/\/www.tmctechnik.pl\/index.php\/utrzymanie-ruchu-2\/","title":{"rendered":"Utrzymanie ruchu"},"content":{"rendered":"\t\t<div data-elementor-type=\"wp-page\" data-elementor-id=\"827\" class=\"elementor elementor-827\">\n\t\t\t\t\t\t<section class=\"elementor-section elementor-top-section elementor-element elementor-element-b1adbd6 elementor-section-boxed elementor-section-height-default elementor-section-height-default\" data-id=\"b1adbd6\" data-element_type=\"section\">\n\t\t\t\t\t\t<div class=\"elementor-container elementor-column-gap-default\">\n\t\t\t\t\t<div class=\"elementor-column elementor-col-100 elementor-top-column elementor-element elementor-element-eb86e30\" data-id=\"eb86e30\" data-element_type=\"column\">\n\t\t\t<div class=\"elementor-widget-wrap elementor-element-populated\">\n\t\t\t\t\t\t<section class=\"elementor-section elementor-inner-section elementor-element elementor-element-ed857ff elementor-section-boxed elementor-section-height-default elementor-section-height-default\" data-id=\"ed857ff\" data-element_type=\"section\">\n\t\t\t\t\t\t<div class=\"elementor-container elementor-column-gap-default\">\n\t\t\t\t\t<div class=\"elementor-column elementor-col-50 elementor-inner-column elementor-element elementor-element-874c1e8\" data-id=\"874c1e8\" data-element_type=\"column\">\n\t\t\t<div class=\"elementor-widget-wrap elementor-element-populated\">\n\t\t\t\t\t\t<div class=\"elementor-element elementor-element-65bcecd elementor-widget elementor-widget-text-editor\" data-id=\"65bcecd\" data-element_type=\"widget\" data-widget_type=\"text-editor.default\">\n\t\t\t\t<div class=\"elementor-widget-container\">\n\t\t\t\t\t\t\t\t\t<p>Zapewniamy swoim klientom profesjonaln\u0105 obs\u0142ug\u0119 w zakresie utrzymania ruchu:<\/p><ul><li>\u00a0wytworzenia cz\u0119\u015bci zamiennych lub naprawa istniej\u0105cych,<\/li><li>przywr\u00f3cenie zdolno\u015bci produkcyjnej na wymaganym poziomie,<\/li><li>zwi\u0119kszenie wydajno\u015bci i sprawno\u015bci,<\/li><li>poprawa bezpiecze\u0144stwa miejsca pracy,<\/li><li>innowacyjno\u015b\u0107 stosowanych technologii,<\/li><li>dostawa element\u00f3w utrzymuj\u0105cych ruch produkcyjny,<\/li><\/ul><p>Oferta utrzymania ruchu przeznaczona jest dla os\u00f3b odpowiedzialnych za zarz\u0105dzanie produkcj\u0105 lub dla in\u017cynier\u00f3w projekt\u00f3w w firmach produkcyjnych z bran\u017c: spo\u017cywczej, chemicznej, elektromaszynowej itp. Us\u0142ugi kierujemy tak\u017ce dla przedsi\u0119biorstw dysponuj\u0105cych\u00a0 parkiem maszynowym, kt\u00f3rzy potrzebuj\u0105 cz\u0119\u015bci zamiennych dla swoich maszyn. Wykonujemy \u00a0cz\u0119\u015bci zamienne wg dokumentacji lub wzoru. Posiadane do\u015bwiadczenie i park maszynowy umo\u017cliwiaj\u0105 sprosta\u0107 ka\u017cdej sytuacji, z kt\u00f3r\u0105 przyjdzie nam si\u0119 zmierzy\u0107.<\/p><ul><li>Monta\u017c, demonta\u017c maszyn i urz\u0105dze\u0144<\/li><li>Spawanie mig\/mag tig<\/li><li>Wykonywanie os\u0142on, obud\u00f3w, podest\u00f3w, element\u00f3w konstrukcyjnych<\/li><\/ul>\t\t\t\t\t\t\t\t<\/div>\n\t\t\t\t<\/div>\n\t\t\t\t\t<\/div>\n\t\t<\/div>\n\t\t\t\t<div class=\"elementor-column elementor-col-50 elementor-inner-column elementor-element elementor-element-a731e0c\" data-id=\"a731e0c\" data-element_type=\"column\">\n\t\t\t<div class=\"elementor-widget-wrap elementor-element-populated\">\n\t\t\t\t\t\t<div class=\"elementor-element elementor-element-1941c06 elementor-invisible elementor-widget elementor-widget-image\" data-id=\"1941c06\" data-element_type=\"widget\" data-settings=\"{&quot;_animation&quot;:&quot;fadeInRight&quot;}\" data-widget_type=\"image.default\">\n\t\t\t\t<div class=\"elementor-widget-container\">\n\t\t\t\t\t\t\t\t\t\t\t\t\t\t\t<img fetchpriority=\"high\" decoding=\"async\" width=\"1024\" height=\"683\" src=\"https:\/\/www.tmctechnik.pl\/wp-content\/uploads\/2020\/06\/utrzymanie_ruchu2-1024x683.jpg\" class=\"attachment-large size-large wp-image-981\" alt=\"\" srcset=\"https:\/\/www.tmctechnik.pl\/wp-content\/uploads\/2020\/06\/utrzymanie_ruchu2-1024x683.jpg 1024w, https:\/\/www.tmctechnik.pl\/wp-content\/uploads\/2020\/06\/utrzymanie_ruchu2-300x200.jpg 300w, https:\/\/www.tmctechnik.pl\/wp-content\/uploads\/2020\/06\/utrzymanie_ruchu2-768x512.jpg 768w, https:\/\/www.tmctechnik.pl\/wp-content\/uploads\/2020\/06\/utrzymanie_ruchu2-930x620.jpg 930w, https:\/\/www.tmctechnik.pl\/wp-content\/uploads\/2020\/06\/utrzymanie_ruchu2.jpg 1200w\" sizes=\"(max-width: 1024px) 100vw, 1024px\" \/>\t\t\t\t\t\t\t\t\t\t\t\t\t\t\t<\/div>\n\t\t\t\t<\/div>\n\t\t\t\t<div class=\"elementor-element elementor-element-eba7c66 elementor-invisible elementor-widget elementor-widget-image\" data-id=\"eba7c66\" data-element_type=\"widget\" data-settings=\"{&quot;_animation&quot;:&quot;slideInRight&quot;}\" data-widget_type=\"image.default\">\n\t\t\t\t<div class=\"elementor-widget-container\">\n\t\t\t\t\t\t\t\t\t\t\t\t\t\t\t<img decoding=\"async\" width=\"1024\" height=\"683\" src=\"https:\/\/www.tmctechnik.pl\/wp-content\/uploads\/2020\/06\/utrzymanie_ruchu3-1024x683.jpg\" class=\"attachment-large size-large wp-image-982\" alt=\"\" srcset=\"https:\/\/www.tmctechnik.pl\/wp-content\/uploads\/2020\/06\/utrzymanie_ruchu3-1024x683.jpg 1024w, https:\/\/www.tmctechnik.pl\/wp-content\/uploads\/2020\/06\/utrzymanie_ruchu3-300x200.jpg 300w, https:\/\/www.tmctechnik.pl\/wp-content\/uploads\/2020\/06\/utrzymanie_ruchu3-768x512.jpg 768w, https:\/\/www.tmctechnik.pl\/wp-content\/uploads\/2020\/06\/utrzymanie_ruchu3-930x620.jpg 930w, https:\/\/www.tmctechnik.pl\/wp-content\/uploads\/2020\/06\/utrzymanie_ruchu3.jpg 1200w\" sizes=\"(max-width: 1024px) 100vw, 1024px\" \/>\t\t\t\t\t\t\t\t\t\t\t\t\t\t\t<\/div>\n\t\t\t\t<\/div>\n\t\t\t\t\t<\/div>\n\t\t<\/div>\n\t\t\t\t\t<\/div>\n\t\t<\/section>\n\t\t\t\t\t<\/div>\n\t\t<\/div>\n\t\t\t\t\t<\/div>\n\t\t<\/section>\n\t\t\t\t<\/div>\n\t\t","protected":false},"excerpt":{"rendered":"<p>Zapewniamy swoim klientom profesjonaln\u0105 obs\u0142ug\u0119 w zakresie utrzymania ruchu: \u00a0wytworzenia cz\u0119\u015bci zamiennych lub naprawa istniej\u0105cych, przywr\u00f3cenie zdolno\u015bci produkcyjnej na wymaganym poziomie, zwi\u0119kszenie wydajno\u015bci i sprawno\u015bci, poprawa bezpiecze\u0144stwa miejsca pracy, innowacyjno\u015b\u0107 stosowanych technologii, dostawa element\u00f3w utrzymuj\u0105cych ruch produkcyjny, Oferta utrzymania ruchu przeznaczona jest dla os\u00f3b odpowiedzialnych za zarz\u0105dzanie produkcj\u0105 lub dla in\u017cynier\u00f3w projekt\u00f3w w firmach produkcyjnych&hellip;&nbsp;<a href=\"https:\/\/www.tmctechnik.pl\/index.php\/utrzymanie-ruchu-2\/\" rel=\"bookmark\">Dowiedz si\u0119 wi\u0119cej &raquo;<span class=\"screen-reader-text\">Utrzymanie ruchu<\/span><\/a><\/p>\n","protected":false},"author":1,"featured_media":0,"parent":0,"menu_order":0,"comment_status":"closed","ping_status":"closed","template":"","meta":{"neve_meta_sidebar":"full-width","neve_meta_container":"","neve_meta_enable_content_width":"on","neve_meta_content_width":100,"neve_meta_title_alignment":"","neve_meta_author_avatar":"","neve_post_elements_order":"","neve_meta_disable_header":"","neve_meta_disable_footer":"","neve_meta_disable_title":"","footnotes":""},"class_list":["post-827","page","type-page","status-publish","hentry"],"yoast_head":"<!-- This site is optimized with the Yoast SEO Premium plugin v14.9 - https:\/\/yoast.com\/wordpress\/plugins\/seo\/ -->\n<title>Utrzymanie ruchu - Ci\u0119cie laserem<\/title>\n<meta name=\"robots\" content=\"index, follow, max-snippet:-1, max-image-preview:large, max-video-preview:-1\" \/>\n<link rel=\"canonical\" href=\"https:\/\/www.tmctechnik.pl\/index.php\/utrzymanie-ruchu-2\/\" \/>\n<meta property=\"og:locale\" content=\"pl_PL\" \/>\n<meta property=\"og:type\" content=\"article\" \/>\n<meta property=\"og:title\" content=\"Utrzymanie ruchu - Ci\u0119cie laserem\" \/>\n<meta property=\"og:description\" content=\"Zapewniamy swoim klientom profesjonaln\u0105 obs\u0142ug\u0119 w zakresie utrzymania ruchu: \u00a0wytworzenia cz\u0119\u015bci zamiennych lub naprawa istniej\u0105cych, przywr\u00f3cenie zdolno\u015bci produkcyjnej na wymaganym poziomie, zwi\u0119kszenie wydajno\u015bci i sprawno\u015bci, poprawa bezpiecze\u0144stwa miejsca pracy, innowacyjno\u015b\u0107 stosowanych technologii, dostawa element\u00f3w utrzymuj\u0105cych ruch produkcyjny, Oferta utrzymania ruchu przeznaczona jest dla os\u00f3b odpowiedzialnych za zarz\u0105dzanie produkcj\u0105 lub dla in\u017cynier\u00f3w projekt\u00f3w w firmach produkcyjnych&hellip;&nbsp;Dowiedz si\u0119 wi\u0119cej &raquo;Utrzymanie ruchu\" \/>\n<meta property=\"og:url\" content=\"https:\/\/www.tmctechnik.pl\/index.php\/utrzymanie-ruchu-2\/\" \/>\n<meta property=\"og:site_name\" content=\"Ci\u0119cie laserem\" \/>\n<meta property=\"article:modified_time\" content=\"2020-06-30T20:30:31+00:00\" \/>\n<meta property=\"og:image\" content=\"https:\/\/www.tmctechnik.pl\/wp-content\/uploads\/2020\/06\/utrzymanie_ruchu2-1024x683.jpg\" \/>\n<meta name=\"twitter:card\" content=\"summary_large_image\" \/>\n<script type=\"application\/ld+json\" class=\"yoast-schema-graph\">{\"@context\":\"https:\/\/schema.org\",\"@graph\":[{\"@type\":\"WebSite\",\"@id\":\"https:\/\/www.tmctechnik.pl\/#website\",\"url\":\"https:\/\/www.tmctechnik.pl\/\",\"name\":\"Ci\\u0119cie laserem\",\"description\":\"TMC TECHNIK\",\"potentialAction\":[{\"@type\":\"SearchAction\",\"target\":\"https:\/\/www.tmctechnik.pl\/?s={search_term_string}\",\"query-input\":\"required name=search_term_string\"}],\"inLanguage\":\"pl-PL\"},{\"@type\":\"ImageObject\",\"@id\":\"https:\/\/www.tmctechnik.pl\/index.php\/utrzymanie-ruchu-2\/#primaryimage\",\"inLanguage\":\"pl-PL\",\"url\":\"https:\/\/www.tmctechnik.pl\/wp-content\/uploads\/2020\/06\/utrzymanie_ruchu2.jpg\",\"width\":1200,\"height\":800},{\"@type\":\"WebPage\",\"@id\":\"https:\/\/www.tmctechnik.pl\/index.php\/utrzymanie-ruchu-2\/#webpage\",\"url\":\"https:\/\/www.tmctechnik.pl\/index.php\/utrzymanie-ruchu-2\/\",\"name\":\"Utrzymanie ruchu - Ci\\u0119cie laserem\",\"isPartOf\":{\"@id\":\"https:\/\/www.tmctechnik.pl\/#website\"},\"primaryImageOfPage\":{\"@id\":\"https:\/\/www.tmctechnik.pl\/index.php\/utrzymanie-ruchu-2\/#primaryimage\"},\"datePublished\":\"2020-04-21T10:38:48+00:00\",\"dateModified\":\"2020-06-30T20:30:31+00:00\",\"inLanguage\":\"pl-PL\",\"potentialAction\":[{\"@type\":\"ReadAction\",\"target\":[\"https:\/\/www.tmctechnik.pl\/index.php\/utrzymanie-ruchu-2\/\"]}]}]}<\/script>\n<!-- \/ Yoast SEO Premium plugin. -->","_links":{"self":[{"href":"https:\/\/www.tmctechnik.pl\/index.php\/wp-json\/wp\/v2\/pages\/827","targetHints":{"allow":["GET"]}}],"collection":[{"href":"https:\/\/www.tmctechnik.pl\/index.php\/wp-json\/wp\/v2\/pages"}],"about":[{"href":"https:\/\/www.tmctechnik.pl\/index.php\/wp-json\/wp\/v2\/types\/page"}],"author":[{"embeddable":true,"href":"https:\/\/www.tmctechnik.pl\/index.php\/wp-json\/wp\/v2\/users\/1"}],"replies":[{"embeddable":true,"href":"https:\/\/www.tmctechnik.pl\/index.php\/wp-json\/wp\/v2\/comments?post=827"}],"version-history":[{"count":13,"href":"https:\/\/www.tmctechnik.pl\/index.php\/wp-json\/wp\/v2\/pages\/827\/revisions"}],"predecessor-version":[{"id":1084,"href":"https:\/\/www.tmctechnik.pl\/index.php\/wp-json\/wp\/v2\/pages\/827\/revisions\/1084"}],"wp:attachment":[{"href":"https:\/\/www.tmctechnik.pl\/index.php\/wp-json\/wp\/v2\/media?parent=827"}],"curies":[{"name":"wp","href":"https:\/\/api.w.org\/{rel}","templated":true}]}}