{"id":721,"date":"2020-03-06T15:58:50","date_gmt":"2020-03-06T15:58:50","guid":{"rendered":"http:\/\/www.tmctechnik.pl\/?page_id=721"},"modified":"2020-10-14T18:30:30","modified_gmt":"2020-10-14T18:30:30","slug":"ciecie-laserem","status":"publish","type":"page","link":"https:\/\/www.tmctechnik.pl\/index.php\/ciecie-laserem\/","title":{"rendered":"Ci\u0119cie laserem"},"content":{"rendered":"\t\t<div data-elementor-type=\"wp-page\" data-elementor-id=\"721\" class=\"elementor elementor-721\">\n\t\t\t\t\t\t<section class=\"elementor-section elementor-top-section elementor-element elementor-element-731c109 elementor-section-boxed elementor-section-height-default elementor-section-height-default\" data-id=\"731c109\" data-element_type=\"section\">\n\t\t\t\t\t\t<div class=\"elementor-container elementor-column-gap-default\">\n\t\t\t\t\t<div class=\"elementor-column elementor-col-50 elementor-top-column elementor-element elementor-element-4f784b72\" data-id=\"4f784b72\" data-element_type=\"column\">\n\t\t\t<div class=\"elementor-widget-wrap elementor-element-populated\">\n\t\t\t\t\t\t<div class=\"elementor-element elementor-element-4b4194d3 elementor-widget elementor-widget-text-editor\" data-id=\"4b4194d3\" data-element_type=\"widget\" data-widget_type=\"text-editor.default\">\n\t\t\t\t<div class=\"elementor-widget-container\">\n\t\t\t\t\t\t\t\t\t<h4><\/h4>\n\n<p>Nasza firma specjalizuje si\u0119 w ci\u0119ciu laserowym blach. \u015awiadczymy us\u0142ugi dla klient\u00f3w indywidualnych, ma\u0142ych przedsi\u0119biorstw oraz du\u017cych koncern\u00f3w w r\u00f3\u017cnych ga\u0142\u0119ziach przemys\u0142u. Wykorzystujemy wysokiej jako\u015bci wycinarki laserowe, kt\u00f3re gwarantuj\u0105 precyzyjne wykonanie detali dla klienta. Zapewniamy terminow\u0105 realizacj\u0119 zlecenia. Przygotujemy indywidualn\u0105 wycen\u0119 us\u0142ugi ci\u0119cia laserem w zale\u017cno\u015bci od specyfikacji oraz wielko\u015bci serii.<\/p>\n\n<p>Maksymalny wymiar arkusza ci\u0119tej blachy to 1500&#215;3000 mm przy grubo\u015bciach materia\u0142\u00f3w:<\/p>\n\n<ul class=\"wp-block-list\">\n<li>stal konstrukcyjna \u2013 do 25 mm,<\/li>\n<li>stal nierdzewna \u2013 do 12 mm,<\/li>\n<li>aluminium \u2013 do 10 mm,<\/li>\n<li>mosi\u0105dz, mied\u017a \u2013 do 8 mm.<\/li>\n<\/ul>\n\t\t\t\t\t\t\t\t<\/div>\n\t\t\t\t<\/div>\n\t\t\t\t\t<\/div>\n\t\t<\/div>\n\t\t\t\t<div class=\"elementor-column elementor-col-50 elementor-top-column elementor-element elementor-element-9a52fb0\" data-id=\"9a52fb0\" data-element_type=\"column\">\n\t\t\t<div class=\"elementor-widget-wrap elementor-element-populated\">\n\t\t\t\t\t\t<div class=\"elementor-element elementor-element-d8376b7 elementor-invisible elementor-widget elementor-widget-image\" data-id=\"d8376b7\" data-element_type=\"widget\" data-settings=\"{&quot;_animation&quot;:&quot;fadeInRight&quot;}\" data-widget_type=\"image.default\">\n\t\t\t\t<div class=\"elementor-widget-container\">\n\t\t\t\t\t\t\t\t\t\t\t\t\t\t\t<img fetchpriority=\"high\" decoding=\"async\" width=\"1024\" height=\"683\" src=\"https:\/\/www.tmctechnik.pl\/wp-content\/uploads\/2020\/04\/IMG_1929-1024x683.jpg\" class=\"attachment-large size-large wp-image-881\" alt=\"Ci\u0119cie laserem\" srcset=\"https:\/\/www.tmctechnik.pl\/wp-content\/uploads\/2020\/04\/IMG_1929-1024x683.jpg 1024w, https:\/\/www.tmctechnik.pl\/wp-content\/uploads\/2020\/04\/IMG_1929-300x200.jpg 300w, https:\/\/www.tmctechnik.pl\/wp-content\/uploads\/2020\/04\/IMG_1929-768x512.jpg 768w, https:\/\/www.tmctechnik.pl\/wp-content\/uploads\/2020\/04\/IMG_1929-930x620.jpg 930w, https:\/\/www.tmctechnik.pl\/wp-content\/uploads\/2020\/04\/IMG_1929.jpg 1200w\" sizes=\"(max-width: 1024px) 100vw, 1024px\" \/>\t\t\t\t\t\t\t\t\t\t\t\t\t\t\t<\/div>\n\t\t\t\t<\/div>\n\t\t\t\t\t<\/div>\n\t\t<\/div>\n\t\t\t\t\t<\/div>\n\t\t<\/section>\n\t\t\t\t<section class=\"elementor-section elementor-top-section elementor-element elementor-element-d7cd765 elementor-section-boxed elementor-section-height-default elementor-section-height-default\" data-id=\"d7cd765\" data-element_type=\"section\">\n\t\t\t\t\t\t<div class=\"elementor-container elementor-column-gap-default\">\n\t\t\t\t\t<div class=\"elementor-column elementor-col-100 elementor-top-column elementor-element elementor-element-c7c7997\" data-id=\"c7c7997\" data-element_type=\"column\">\n\t\t\t<div class=\"elementor-widget-wrap elementor-element-populated\">\n\t\t\t\t\t\t<section class=\"elementor-section elementor-inner-section elementor-element elementor-element-40cf82a elementor-section-boxed elementor-section-height-default elementor-section-height-default\" data-id=\"40cf82a\" data-element_type=\"section\">\n\t\t\t\t\t\t<div class=\"elementor-container elementor-column-gap-default\">\n\t\t\t\t\t<div class=\"elementor-column elementor-col-50 elementor-inner-column elementor-element elementor-element-3fc9577\" data-id=\"3fc9577\" data-element_type=\"column\">\n\t\t\t<div class=\"elementor-widget-wrap elementor-element-populated\">\n\t\t\t\t\t\t<div class=\"elementor-element elementor-element-c85d5a0 elementor-invisible elementor-widget elementor-widget-image\" data-id=\"c85d5a0\" data-element_type=\"widget\" data-settings=\"{&quot;_animation&quot;:&quot;slideInLeft&quot;}\" data-widget_type=\"image.default\">\n\t\t\t\t<div class=\"elementor-widget-container\">\n\t\t\t\t\t\t\t\t\t\t\t\t\t\t\t<img decoding=\"async\" width=\"1024\" height=\"683\" src=\"https:\/\/www.tmctechnik.pl\/wp-content\/uploads\/2020\/06\/ciecie_laserem2-1024x683.jpg\" class=\"attachment-large size-large wp-image-953\" alt=\"ci\u0119cie laserem wielkopolska\" srcset=\"https:\/\/www.tmctechnik.pl\/wp-content\/uploads\/2020\/06\/ciecie_laserem2-1024x683.jpg 1024w, https:\/\/www.tmctechnik.pl\/wp-content\/uploads\/2020\/06\/ciecie_laserem2-300x200.jpg 300w, https:\/\/www.tmctechnik.pl\/wp-content\/uploads\/2020\/06\/ciecie_laserem2-768x512.jpg 768w, https:\/\/www.tmctechnik.pl\/wp-content\/uploads\/2020\/06\/ciecie_laserem2-930x620.jpg 930w, https:\/\/www.tmctechnik.pl\/wp-content\/uploads\/2020\/06\/ciecie_laserem2.jpg 1200w\" sizes=\"(max-width: 1024px) 100vw, 1024px\" \/>\t\t\t\t\t\t\t\t\t\t\t\t\t\t\t<\/div>\n\t\t\t\t<\/div>\n\t\t\t\t\t<\/div>\n\t\t<\/div>\n\t\t\t\t<div class=\"elementor-column elementor-col-50 elementor-inner-column elementor-element elementor-element-f42f3d1\" data-id=\"f42f3d1\" data-element_type=\"column\">\n\t\t\t<div class=\"elementor-widget-wrap elementor-element-populated\">\n\t\t\t\t\t\t<div class=\"elementor-element elementor-element-f90955f elementor-invisible elementor-widget elementor-widget-text-editor\" data-id=\"f90955f\" data-element_type=\"widget\" data-settings=\"{&quot;_animation&quot;:&quot;bounceInRight&quot;}\" data-widget_type=\"text-editor.default\">\n\t\t\t\t<div class=\"elementor-widget-container\">\n\t\t\t\t\t\t\t\t\t<p>\u00a0<\/p>\n<p>\u00a0<\/p>\n<p>Ci\u0119cie laserem blach oraz profili daje niezliczone mo\u017cliwo\u015bci uzyskania wymaganych kszta\u0142t\u00f3w czy wzor\u00f3w. Laser \u015bwiat\u0142owodowy (Fiber) pozwala na szybk\u0105, tani\u0105 oraz powtarzaln\u0105 obr\u00f3bk\u0119 blach czy profili. Elementy konstrukcyjne maszyn, os\u0142ony czy maskownice to rzeczy, kt\u00f3re wykonujemy na co dzie\u0144. Cz\u0119\u015bci maszyn w przemy\u015ble spo\u017cywczym ze stali nierdzewnej i kwasoodpornej to dla nas \u017caden problem. Bran\u017ca automotive, budowlana oraz dekoracyjna korzysta z naszych us\u0142ug ju\u017c od wielu lat.<\/p>\t\t\t\t\t\t\t\t<\/div>\n\t\t\t\t<\/div>\n\t\t\t\t\t<\/div>\n\t\t<\/div>\n\t\t\t\t\t<\/div>\n\t\t<\/section>\n\t\t\t\t\t<\/div>\n\t\t<\/div>\n\t\t\t\t\t<\/div>\n\t\t<\/section>\n\t\t\t\t<section class=\"elementor-section elementor-top-section elementor-element elementor-element-2df7dae elementor-section-boxed elementor-section-height-default elementor-section-height-default\" data-id=\"2df7dae\" data-element_type=\"section\">\n\t\t\t\t\t\t<div class=\"elementor-container elementor-column-gap-default\">\n\t\t\t\t\t<div class=\"elementor-column elementor-col-50 elementor-top-column elementor-element elementor-element-929fbb1\" data-id=\"929fbb1\" data-element_type=\"column\">\n\t\t\t<div class=\"elementor-widget-wrap\">\n\t\t\t\t\t\t\t<\/div>\n\t\t<\/div>\n\t\t\t\t<div class=\"elementor-column elementor-col-50 elementor-top-column elementor-element elementor-element-46cb31f\" data-id=\"46cb31f\" data-element_type=\"column\">\n\t\t\t<div class=\"elementor-widget-wrap elementor-element-populated\">\n\t\t\t\t\t\t<div class=\"elementor-element elementor-element-22e2163 elementor-invisible elementor-widget elementor-widget-image\" data-id=\"22e2163\" data-element_type=\"widget\" data-settings=\"{&quot;_animation&quot;:&quot;slideInRight&quot;}\" data-widget_type=\"image.default\">\n\t\t\t\t<div class=\"elementor-widget-container\">\n\t\t\t\t\t\t\t\t\t\t\t\t\t\t\t<img decoding=\"async\" width=\"1024\" height=\"683\" src=\"https:\/\/www.tmctechnik.pl\/wp-content\/uploads\/2020\/06\/ciecie_laserem3-1024x683.jpg\" class=\"attachment-large size-large wp-image-955\" alt=\"ci\u0119cie laserem blach\" srcset=\"https:\/\/www.tmctechnik.pl\/wp-content\/uploads\/2020\/06\/ciecie_laserem3-1024x683.jpg 1024w, https:\/\/www.tmctechnik.pl\/wp-content\/uploads\/2020\/06\/ciecie_laserem3-300x200.jpg 300w, https:\/\/www.tmctechnik.pl\/wp-content\/uploads\/2020\/06\/ciecie_laserem3-768x512.jpg 768w, https:\/\/www.tmctechnik.pl\/wp-content\/uploads\/2020\/06\/ciecie_laserem3-930x620.jpg 930w, https:\/\/www.tmctechnik.pl\/wp-content\/uploads\/2020\/06\/ciecie_laserem3.jpg 1200w\" sizes=\"(max-width: 1024px) 100vw, 1024px\" \/>\t\t\t\t\t\t\t\t\t\t\t\t\t\t\t<\/div>\n\t\t\t\t<\/div>\n\t\t\t\t\t<\/div>\n\t\t<\/div>\n\t\t\t\t\t<\/div>\n\t\t<\/section>\n\t\t\t\t<\/div>\n\t\t","protected":false},"excerpt":{"rendered":"<p>Nasza firma specjalizuje si\u0119 w ci\u0119ciu laserowym blach. \u015awiadczymy us\u0142ugi dla klient\u00f3w indywidualnych, ma\u0142ych przedsi\u0119biorstw oraz du\u017cych koncern\u00f3w w r\u00f3\u017cnych ga\u0142\u0119ziach przemys\u0142u. Wykorzystujemy wysokiej jako\u015bci wycinarki laserowe, kt\u00f3re gwarantuj\u0105 precyzyjne wykonanie detali dla klienta. Zapewniamy terminow\u0105 realizacj\u0119 zlecenia. Przygotujemy indywidualn\u0105 wycen\u0119 us\u0142ugi ci\u0119cia laserem w zale\u017cno\u015bci od specyfikacji oraz wielko\u015bci serii. Maksymalny wymiar arkusza ci\u0119tej&hellip;&nbsp;<a href=\"https:\/\/www.tmctechnik.pl\/index.php\/ciecie-laserem\/\" rel=\"bookmark\">Dowiedz si\u0119 wi\u0119cej &raquo;<span class=\"screen-reader-text\">Ci\u0119cie laserem<\/span><\/a><\/p>\n","protected":false},"author":1,"featured_media":0,"parent":0,"menu_order":0,"comment_status":"closed","ping_status":"closed","template":"","meta":{"neve_meta_sidebar":"full-width","neve_meta_container":"","neve_meta_enable_content_width":"on","neve_meta_content_width":100,"neve_meta_title_alignment":"","neve_meta_author_avatar":"","neve_post_elements_order":"","neve_meta_disable_header":"","neve_meta_disable_footer":"","neve_meta_disable_title":"","footnotes":""},"class_list":["post-721","page","type-page","status-publish","hentry"],"yoast_head":"<!-- This site is optimized with the Yoast SEO Premium plugin v14.9 - https:\/\/yoast.com\/wordpress\/plugins\/seo\/ -->\n<title>Ci\u0119cie laserem - Ci\u0119cie laserem<\/title>\n<meta name=\"description\" content=\"ci\u0119cie laserem, ci\u0119cie laserem blach, ci\u0119cie laserem wielkopolska, wycinanie blach laserem, wycinanie laserem, wypalanie laserem, ciecie laserem tmc technik\" \/>\n<meta name=\"robots\" content=\"index, follow, max-snippet:-1, max-image-preview:large, max-video-preview:-1\" \/>\n<link rel=\"canonical\" href=\"https:\/\/www.tmctechnik.pl\/index.php\/ciecie-laserem\/\" \/>\n<meta property=\"og:locale\" content=\"pl_PL\" \/>\n<meta property=\"og:type\" content=\"article\" \/>\n<meta property=\"og:title\" content=\"Ci\u0119cie laserem - Ci\u0119cie laserem\" \/>\n<meta property=\"og:description\" content=\"ci\u0119cie laserem, ci\u0119cie laserem blach, ci\u0119cie laserem wielkopolska, wycinanie blach laserem, wycinanie laserem, wypalanie laserem, ciecie laserem tmc technik\" \/>\n<meta property=\"og:url\" content=\"https:\/\/www.tmctechnik.pl\/index.php\/ciecie-laserem\/\" \/>\n<meta property=\"og:site_name\" content=\"Ci\u0119cie laserem\" \/>\n<meta property=\"article:modified_time\" content=\"2020-10-14T18:30:30+00:00\" \/>\n<meta property=\"og:image\" content=\"https:\/\/www.tmctechnik.pl\/wp-content\/uploads\/2020\/04\/IMG_1929-1024x683.jpg\" \/>\n<meta name=\"twitter:card\" content=\"summary_large_image\" \/>\n<script type=\"application\/ld+json\" class=\"yoast-schema-graph\">{\"@context\":\"https:\/\/schema.org\",\"@graph\":[{\"@type\":\"WebSite\",\"@id\":\"https:\/\/www.tmctechnik.pl\/#website\",\"url\":\"https:\/\/www.tmctechnik.pl\/\",\"name\":\"Ci\\u0119cie laserem\",\"description\":\"TMC TECHNIK\",\"potentialAction\":[{\"@type\":\"SearchAction\",\"target\":\"https:\/\/www.tmctechnik.pl\/?s={search_term_string}\",\"query-input\":\"required name=search_term_string\"}],\"inLanguage\":\"pl-PL\"},{\"@type\":\"ImageObject\",\"@id\":\"https:\/\/www.tmctechnik.pl\/index.php\/ciecie-laserem\/#primaryimage\",\"inLanguage\":\"pl-PL\",\"url\":\"https:\/\/www.tmctechnik.pl\/wp-content\/uploads\/2020\/04\/IMG_1929.jpg\",\"width\":1200,\"height\":800,\"caption\":\"Ci\\u0119cie laserem\"},{\"@type\":\"WebPage\",\"@id\":\"https:\/\/www.tmctechnik.pl\/index.php\/ciecie-laserem\/#webpage\",\"url\":\"https:\/\/www.tmctechnik.pl\/index.php\/ciecie-laserem\/\",\"name\":\"Ci\\u0119cie laserem - Ci\\u0119cie laserem\",\"isPartOf\":{\"@id\":\"https:\/\/www.tmctechnik.pl\/#website\"},\"primaryImageOfPage\":{\"@id\":\"https:\/\/www.tmctechnik.pl\/index.php\/ciecie-laserem\/#primaryimage\"},\"datePublished\":\"2020-03-06T15:58:50+00:00\",\"dateModified\":\"2020-10-14T18:30:30+00:00\",\"description\":\"ci\\u0119cie laserem, ci\\u0119cie laserem blach, ci\\u0119cie laserem wielkopolska, wycinanie blach laserem, wycinanie laserem, wypalanie laserem, ciecie laserem tmc technik\",\"inLanguage\":\"pl-PL\",\"potentialAction\":[{\"@type\":\"ReadAction\",\"target\":[\"https:\/\/www.tmctechnik.pl\/index.php\/ciecie-laserem\/\"]}]}]}<\/script>\n<!-- \/ Yoast SEO Premium plugin. -->","_links":{"self":[{"href":"https:\/\/www.tmctechnik.pl\/index.php\/wp-json\/wp\/v2\/pages\/721","targetHints":{"allow":["GET"]}}],"collection":[{"href":"https:\/\/www.tmctechnik.pl\/index.php\/wp-json\/wp\/v2\/pages"}],"about":[{"href":"https:\/\/www.tmctechnik.pl\/index.php\/wp-json\/wp\/v2\/types\/page"}],"author":[{"embeddable":true,"href":"https:\/\/www.tmctechnik.pl\/index.php\/wp-json\/wp\/v2\/users\/1"}],"replies":[{"embeddable":true,"href":"https:\/\/www.tmctechnik.pl\/index.php\/wp-json\/wp\/v2\/comments?post=721"}],"version-history":[{"count":19,"href":"https:\/\/www.tmctechnik.pl\/index.php\/wp-json\/wp\/v2\/pages\/721\/revisions"}],"predecessor-version":[{"id":1227,"href":"https:\/\/www.tmctechnik.pl\/index.php\/wp-json\/wp\/v2\/pages\/721\/revisions\/1227"}],"wp:attachment":[{"href":"https:\/\/www.tmctechnik.pl\/index.php\/wp-json\/wp\/v2\/media?parent=721"}],"curies":[{"name":"wp","href":"https:\/\/api.w.org\/{rel}","templated":true}]}}