{"id":1391,"date":"2024-05-22T11:19:03","date_gmt":"2024-05-22T11:19:03","guid":{"rendered":"https:\/\/www.tmctechnik.pl\/?page_id=1391"},"modified":"2024-06-13T15:22:32","modified_gmt":"2024-06-13T15:22:32","slug":"certyfikat","status":"publish","type":"page","link":"https:\/\/www.tmctechnik.pl\/index.php\/certyfikat\/","title":{"rendered":"Certyfikat"},"content":{"rendered":"\t\t<div data-elementor-type=\"wp-page\" data-elementor-id=\"1391\" class=\"elementor elementor-1391\">\n\t\t\t\t\t\t<section class=\"elementor-section elementor-top-section elementor-element elementor-element-2642583 elementor-section-boxed elementor-section-height-default elementor-section-height-default\" data-id=\"2642583\" data-element_type=\"section\">\n\t\t\t\t\t\t<div class=\"elementor-container elementor-column-gap-default\">\n\t\t\t\t\t<div class=\"elementor-column elementor-col-100 elementor-top-column elementor-element elementor-element-b41fe12\" data-id=\"b41fe12\" data-element_type=\"column\">\n\t\t\t<div class=\"elementor-widget-wrap elementor-element-populated\">\n\t\t\t\t\t\t<div class=\"elementor-element elementor-element-a8eff55 elementor-widget elementor-widget-heading\" data-id=\"a8eff55\" data-element_type=\"widget\" data-widget_type=\"heading.default\">\n\t\t\t\t<div class=\"elementor-widget-container\">\n\t\t\t\t\t<h2 class=\"elementor-heading-title elementor-size-default\"><span style=\", Helvetica, Arial, sans-serif;font-size: 1.75em;text-align: center\">Certyfikat ISO 9001:2015<\/span><\/h2>\t\t\t\t<\/div>\n\t\t\t\t<\/div>\n\t\t\t\t\t<\/div>\n\t\t<\/div>\n\t\t\t\t\t<\/div>\n\t\t<\/section>\n\t\t\t\t<section class=\"elementor-section elementor-top-section elementor-element elementor-element-013a876 elementor-section-boxed elementor-section-height-default elementor-section-height-default\" data-id=\"013a876\" data-element_type=\"section\">\n\t\t\t\t\t\t<div class=\"elementor-container elementor-column-gap-default\">\n\t\t\t\t\t<div class=\"elementor-column elementor-col-33 elementor-top-column elementor-element elementor-element-3f54290\" data-id=\"3f54290\" data-element_type=\"column\">\n\t\t\t<div class=\"elementor-widget-wrap\">\n\t\t\t\t\t\t\t<\/div>\n\t\t<\/div>\n\t\t\t\t<div class=\"elementor-column elementor-col-33 elementor-top-column elementor-element elementor-element-55b5bad\" data-id=\"55b5bad\" data-element_type=\"column\">\n\t\t\t<div class=\"elementor-widget-wrap elementor-element-populated\">\n\t\t\t\t\t\t<div class=\"elementor-element elementor-element-cf8f4dc elementor-widget elementor-widget-image\" data-id=\"cf8f4dc\" data-element_type=\"widget\" data-widget_type=\"image.default\">\n\t\t\t\t<div class=\"elementor-widget-container\">\n\t\t\t\t\t\t\t\t\t\t\t\t\t\t\t\t<a href=\"https:\/\/www.tmctechnik.pl\/wp-content\/uploads\/2024\/05\/certyfikat.jpg\" data-elementor-open-lightbox=\"yes\" data-elementor-lightbox-title=\"certyfikat\" data-e-action-hash=\"#elementor-action%3Aaction%3Dlightbox%26settings%3DeyJpZCI6MTM5OSwidXJsIjoiaHR0cHM6XC9cL3d3dy50bWN0ZWNobmlrLnBsXC93cC1jb250ZW50XC91cGxvYWRzXC8yMDI0XC8wNVwvY2VydHlmaWthdC5qcGcifQ%3D%3D\">\n\t\t\t\t\t\t\t<img fetchpriority=\"high\" decoding=\"async\" width=\"768\" height=\"1085\" src=\"https:\/\/www.tmctechnik.pl\/wp-content\/uploads\/2024\/05\/certyfikat-768x1085.jpg\" class=\"attachment-medium_large size-medium_large wp-image-1399\" alt=\"\" srcset=\"https:\/\/www.tmctechnik.pl\/wp-content\/uploads\/2024\/05\/certyfikat-768x1085.jpg 768w, https:\/\/www.tmctechnik.pl\/wp-content\/uploads\/2024\/05\/certyfikat-212x300.jpg 212w, https:\/\/www.tmctechnik.pl\/wp-content\/uploads\/2024\/05\/certyfikat-725x1024.jpg 725w, https:\/\/www.tmctechnik.pl\/wp-content\/uploads\/2024\/05\/certyfikat-1087x1536.jpg 1087w, https:\/\/www.tmctechnik.pl\/wp-content\/uploads\/2024\/05\/certyfikat.jpg 1241w\" sizes=\"(max-width: 768px) 100vw, 768px\" \/>\t\t\t\t\t\t\t\t<\/a>\n\t\t\t\t\t\t\t\t\t\t\t\t\t\t\t<\/div>\n\t\t\t\t<\/div>\n\t\t\t\t\t<\/div>\n\t\t<\/div>\n\t\t\t\t<div class=\"elementor-column elementor-col-33 elementor-top-column elementor-element elementor-element-c396715\" data-id=\"c396715\" data-element_type=\"column\">\n\t\t\t<div class=\"elementor-widget-wrap\">\n\t\t\t\t\t\t\t<\/div>\n\t\t<\/div>\n\t\t\t\t\t<\/div>\n\t\t<\/section>\n\t\t\t\t<section class=\"elementor-section elementor-top-section elementor-element elementor-element-a2532c1 elementor-section-boxed elementor-section-height-default elementor-section-height-default\" data-id=\"a2532c1\" data-element_type=\"section\">\n\t\t\t\t\t\t<div class=\"elementor-container elementor-column-gap-default\">\n\t\t\t\t\t<div class=\"elementor-column elementor-col-33 elementor-top-column elementor-element elementor-element-3a2463e\" data-id=\"3a2463e\" data-element_type=\"column\">\n\t\t\t<div class=\"elementor-widget-wrap elementor-element-populated\">\n\t\t\t\t\t\t\t<\/div>\n\t\t<\/div>\n\t\t\t\t<div class=\"elementor-column elementor-col-33 elementor-top-column elementor-element elementor-element-1215acb\" data-id=\"1215acb\" data-element_type=\"column\">\n\t\t\t<div class=\"elementor-widget-wrap elementor-element-populated\">\n\t\t\t\t\t\t<div class=\"elementor-element elementor-element-6be5a63 elementor-widget elementor-widget-text-editor\" data-id=\"6be5a63\" data-element_type=\"widget\" data-widget_type=\"text-editor.default\">\n\t\t\t\t<div class=\"elementor-widget-container\">\n\t\t\t\t\t\t\t\t\t<h2 style=\"text-align: center;\">Certyfikat ISO 9001:2015<\/h2><p>Jest to dokument uzyskany w ramach kontroli przez BSI czyli mi\u0119dzynarodow\u0105 firm\u0119, prowadz\u0105c\u0105 dzia\u0142alno\u015b\u0107 w zakresie: inspekcji, weryfikacji, test\u00f3w oraz certyfikacji. ISO 9001:2015 potwierdza jako\u015b\u0107 prowadzonych przez nas us\u0142ug z zakresu obr\u00f3bki metali, w tym: frezowania, toczeniach na maszynach CNC, a tak\u017ce spawania, ci\u0119cia oraz gi\u0119cia wszelkiego rodzaju metali.<\/p>\t\t\t\t\t\t\t\t<\/div>\n\t\t\t\t<\/div>\n\t\t\t\t\t<\/div>\n\t\t<\/div>\n\t\t\t\t<div class=\"elementor-column elementor-col-33 elementor-top-column elementor-element elementor-element-96f0b2d\" data-id=\"96f0b2d\" data-element_type=\"column\">\n\t\t\t<div class=\"elementor-widget-wrap\">\n\t\t\t\t\t\t\t<\/div>\n\t\t<\/div>\n\t\t\t\t\t<\/div>\n\t\t<\/section>\n\t\t\t\t<\/div>\n\t\t","protected":false},"excerpt":{"rendered":"<p>Certyfikat ISO 9001:2015 Certyfikat ISO 9001:2015 Jest to dokument uzyskany w ramach kontroli przez BSI czyli mi\u0119dzynarodow\u0105 firm\u0119, prowadz\u0105c\u0105 dzia\u0142alno\u015b\u0107 w zakresie: inspekcji, weryfikacji, test\u00f3w oraz certyfikacji. ISO 9001:2015 potwierdza jako\u015b\u0107 prowadzonych przez nas us\u0142ug z zakresu obr\u00f3bki metali, w tym: frezowania, toczeniach na maszynach CNC, a tak\u017ce spawania, ci\u0119cia oraz gi\u0119cia wszelkiego rodzaju metali.<\/p>\n","protected":false},"author":1,"featured_media":0,"parent":0,"menu_order":0,"comment_status":"closed","ping_status":"closed","template":"","meta":{"neve_meta_sidebar":"full-width","neve_meta_container":"","neve_meta_enable_content_width":"on","neve_meta_content_width":100,"neve_meta_title_alignment":"","neve_meta_author_avatar":"","neve_post_elements_order":"","neve_meta_disable_header":"","neve_meta_disable_footer":"","neve_meta_disable_title":"","footnotes":""},"class_list":["post-1391","page","type-page","status-publish","hentry"],"yoast_head":"<!-- This site is optimized with the Yoast SEO Premium plugin v14.9 - https:\/\/yoast.com\/wordpress\/plugins\/seo\/ -->\n<title>Certyfikat - Ci\u0119cie laserem<\/title>\n<meta name=\"robots\" content=\"index, follow, max-snippet:-1, max-image-preview:large, max-video-preview:-1\" \/>\n<link rel=\"canonical\" href=\"https:\/\/www.tmctechnik.pl\/index.php\/certyfikat\/\" \/>\n<meta property=\"og:locale\" content=\"pl_PL\" \/>\n<meta property=\"og:type\" content=\"article\" \/>\n<meta property=\"og:title\" content=\"Certyfikat - Ci\u0119cie laserem\" \/>\n<meta property=\"og:description\" content=\"Certyfikat ISO 9001:2015 Certyfikat ISO 9001:2015 Jest to dokument uzyskany w ramach kontroli przez BSI czyli mi\u0119dzynarodow\u0105 firm\u0119, prowadz\u0105c\u0105 dzia\u0142alno\u015b\u0107 w zakresie: inspekcji, weryfikacji, test\u00f3w oraz certyfikacji. ISO 9001:2015 potwierdza jako\u015b\u0107 prowadzonych przez nas us\u0142ug z zakresu obr\u00f3bki metali, w tym: frezowania, toczeniach na maszynach CNC, a tak\u017ce spawania, ci\u0119cia oraz gi\u0119cia wszelkiego rodzaju metali.\" \/>\n<meta property=\"og:url\" content=\"https:\/\/www.tmctechnik.pl\/index.php\/certyfikat\/\" \/>\n<meta property=\"og:site_name\" content=\"Ci\u0119cie laserem\" \/>\n<meta property=\"article:modified_time\" content=\"2024-06-13T15:22:32+00:00\" \/>\n<meta property=\"og:image\" content=\"https:\/\/www.tmctechnik.pl\/wp-content\/uploads\/2024\/05\/certyfikat-768x1085.jpg\" \/>\n<meta name=\"twitter:card\" content=\"summary_large_image\" \/>\n<script type=\"application\/ld+json\" class=\"yoast-schema-graph\">{\"@context\":\"https:\/\/schema.org\",\"@graph\":[{\"@type\":\"WebSite\",\"@id\":\"https:\/\/www.tmctechnik.pl\/#website\",\"url\":\"https:\/\/www.tmctechnik.pl\/\",\"name\":\"Ci\\u0119cie laserem\",\"description\":\"TMC TECHNIK\",\"potentialAction\":[{\"@type\":\"SearchAction\",\"target\":\"https:\/\/www.tmctechnik.pl\/?s={search_term_string}\",\"query-input\":\"required name=search_term_string\"}],\"inLanguage\":\"pl-PL\"},{\"@type\":\"ImageObject\",\"@id\":\"https:\/\/www.tmctechnik.pl\/index.php\/certyfikat\/#primaryimage\",\"inLanguage\":\"pl-PL\",\"url\":\"https:\/\/www.tmctechnik.pl\/wp-content\/uploads\/2024\/05\/certyfikat.jpg\",\"width\":1241,\"height\":1754},{\"@type\":\"WebPage\",\"@id\":\"https:\/\/www.tmctechnik.pl\/index.php\/certyfikat\/#webpage\",\"url\":\"https:\/\/www.tmctechnik.pl\/index.php\/certyfikat\/\",\"name\":\"Certyfikat - Ci\\u0119cie laserem\",\"isPartOf\":{\"@id\":\"https:\/\/www.tmctechnik.pl\/#website\"},\"primaryImageOfPage\":{\"@id\":\"https:\/\/www.tmctechnik.pl\/index.php\/certyfikat\/#primaryimage\"},\"datePublished\":\"2024-05-22T11:19:03+00:00\",\"dateModified\":\"2024-06-13T15:22:32+00:00\",\"inLanguage\":\"pl-PL\",\"potentialAction\":[{\"@type\":\"ReadAction\",\"target\":[\"https:\/\/www.tmctechnik.pl\/index.php\/certyfikat\/\"]}]}]}<\/script>\n<!-- \/ Yoast SEO Premium plugin. -->","_links":{"self":[{"href":"https:\/\/www.tmctechnik.pl\/index.php\/wp-json\/wp\/v2\/pages\/1391","targetHints":{"allow":["GET"]}}],"collection":[{"href":"https:\/\/www.tmctechnik.pl\/index.php\/wp-json\/wp\/v2\/pages"}],"about":[{"href":"https:\/\/www.tmctechnik.pl\/index.php\/wp-json\/wp\/v2\/types\/page"}],"author":[{"embeddable":true,"href":"https:\/\/www.tmctechnik.pl\/index.php\/wp-json\/wp\/v2\/users\/1"}],"replies":[{"embeddable":true,"href":"https:\/\/www.tmctechnik.pl\/index.php\/wp-json\/wp\/v2\/comments?post=1391"}],"version-history":[{"count":20,"href":"https:\/\/www.tmctechnik.pl\/index.php\/wp-json\/wp\/v2\/pages\/1391\/revisions"}],"predecessor-version":[{"id":1418,"href":"https:\/\/www.tmctechnik.pl\/index.php\/wp-json\/wp\/v2\/pages\/1391\/revisions\/1418"}],"wp:attachment":[{"href":"https:\/\/www.tmctechnik.pl\/index.php\/wp-json\/wp\/v2\/media?parent=1391"}],"curies":[{"name":"wp","href":"https:\/\/api.w.org\/{rel}","templated":true}]}}