{"id":1197,"date":"2020-07-08T18:49:26","date_gmt":"2020-07-08T18:49:26","guid":{"rendered":"https:\/\/www.tmctechnik.pl\/?page_id=1197"},"modified":"2020-07-08T18:54:03","modified_gmt":"2020-07-08T18:54:03","slug":"instandhaltung","status":"publish","type":"page","link":"https:\/\/www.tmctechnik.pl\/index.php\/de\/instandhaltung\/","title":{"rendered":"Instandhaltung"},"content":{"rendered":"\t\t<div data-elementor-type=\"wp-page\" data-elementor-id=\"1197\" class=\"elementor elementor-1197\">\n\t\t\t\t\t\t<section class=\"elementor-section elementor-top-section elementor-element elementor-element-b1adbd6 elementor-section-boxed elementor-section-height-default elementor-section-height-default\" data-id=\"b1adbd6\" data-element_type=\"section\">\n\t\t\t\t\t\t<div class=\"elementor-container elementor-column-gap-default\">\n\t\t\t\t\t<div class=\"elementor-column elementor-col-100 elementor-top-column elementor-element elementor-element-eb86e30\" data-id=\"eb86e30\" data-element_type=\"column\">\n\t\t\t<div class=\"elementor-widget-wrap elementor-element-populated\">\n\t\t\t\t\t\t<section class=\"elementor-section elementor-inner-section elementor-element elementor-element-ed857ff elementor-section-boxed elementor-section-height-default elementor-section-height-default\" data-id=\"ed857ff\" data-element_type=\"section\">\n\t\t\t\t\t\t<div class=\"elementor-container elementor-column-gap-default\">\n\t\t\t\t\t<div class=\"elementor-column elementor-col-50 elementor-inner-column elementor-element elementor-element-874c1e8\" data-id=\"874c1e8\" data-element_type=\"column\">\n\t\t\t<div class=\"elementor-widget-wrap elementor-element-populated\">\n\t\t\t\t\t\t<div class=\"elementor-element elementor-element-65bcecd elementor-widget elementor-widget-text-editor\" data-id=\"65bcecd\" data-element_type=\"widget\" data-widget_type=\"text-editor.default\">\n\t\t\t\t<div class=\"elementor-widget-container\">\n\t\t\t\t\t\t\t\t\t<p>Wir bieten unseren Kunden professionelle Bedienung im Bereich der Instandhaltung an:<\/p><p>Produktion von Ersatzteilen und Reparatur von bestehenden Teilen,<\/p><ul><li>Wiederherstellung der Produktionskapazit\u00e4t auf gew\u00fcnschtem Niveau,<\/li><li>Erh\u00f6hung der Kapazit\u00e4ten und Leistungsf\u00e4higkeit,<\/li><li>Verbesserung der Arbeitssicherheit,<\/li><li>Innovation der genutzten Technologien<\/li><li>Lieferung von Elementen zur Haltung des Produktionsverkehrs.<\/li><\/ul><p>\u00a0<\/p><p>Das Angebot im Bereich der Instandhaltung ist f\u00fcr Personen bestimmt, die f\u00fcr das Managen der Produktion verantwortlich sind oder f\u00fcr Projektingenieure in Produktionsunternehmen folgender Branchen: Lebensmittel, Chemie, Elektromaschinen usw. Unsere Dienstleistungen richten wir auch an Unternehmen mit Maschinenpark, die die Ersatzteile f\u00fcr die Maschinen ben\u00f6tigen. Wir produzieren die Ersatzteile anhand von Dokumentation oder Muster. Unsere Erfahrungen und Maschinenpark erm\u00f6glichen die Erledigung jedes Auftrags.<\/p><ul><li>Montage, Demontage von Maschinen und Anlagen,<\/li><li>MIG\/MAG- und TIG-Schwei\u00dfen,<\/li><li>Produktion von Blenden, Geh\u00e4usen, Podesten, Konstruktionselementen<\/li><\/ul>\t\t\t\t\t\t\t\t<\/div>\n\t\t\t\t<\/div>\n\t\t\t\t\t<\/div>\n\t\t<\/div>\n\t\t\t\t<div class=\"elementor-column elementor-col-50 elementor-inner-column elementor-element elementor-element-a731e0c\" data-id=\"a731e0c\" data-element_type=\"column\">\n\t\t\t<div class=\"elementor-widget-wrap elementor-element-populated\">\n\t\t\t\t\t\t<div class=\"elementor-element elementor-element-1941c06 elementor-invisible elementor-widget elementor-widget-image\" data-id=\"1941c06\" data-element_type=\"widget\" data-settings=\"{&quot;_animation&quot;:&quot;fadeInRight&quot;}\" data-widget_type=\"image.default\">\n\t\t\t\t<div class=\"elementor-widget-container\">\n\t\t\t\t\t\t\t\t\t\t\t\t\t\t\t<img fetchpriority=\"high\" decoding=\"async\" width=\"1024\" height=\"683\" src=\"https:\/\/www.tmctechnik.pl\/wp-content\/uploads\/2020\/06\/utrzymanie_ruchu2-1024x683.jpg\" class=\"attachment-large size-large wp-image-981\" alt=\"\" srcset=\"https:\/\/www.tmctechnik.pl\/wp-content\/uploads\/2020\/06\/utrzymanie_ruchu2-1024x683.jpg 1024w, https:\/\/www.tmctechnik.pl\/wp-content\/uploads\/2020\/06\/utrzymanie_ruchu2-300x200.jpg 300w, https:\/\/www.tmctechnik.pl\/wp-content\/uploads\/2020\/06\/utrzymanie_ruchu2-768x512.jpg 768w, https:\/\/www.tmctechnik.pl\/wp-content\/uploads\/2020\/06\/utrzymanie_ruchu2-930x620.jpg 930w, https:\/\/www.tmctechnik.pl\/wp-content\/uploads\/2020\/06\/utrzymanie_ruchu2.jpg 1200w\" sizes=\"(max-width: 1024px) 100vw, 1024px\" \/>\t\t\t\t\t\t\t\t\t\t\t\t\t\t\t<\/div>\n\t\t\t\t<\/div>\n\t\t\t\t<div class=\"elementor-element elementor-element-eba7c66 elementor-invisible elementor-widget elementor-widget-image\" data-id=\"eba7c66\" data-element_type=\"widget\" data-settings=\"{&quot;_animation&quot;:&quot;slideInRight&quot;}\" data-widget_type=\"image.default\">\n\t\t\t\t<div class=\"elementor-widget-container\">\n\t\t\t\t\t\t\t\t\t\t\t\t\t\t\t<img decoding=\"async\" width=\"1024\" height=\"683\" src=\"https:\/\/www.tmctechnik.pl\/wp-content\/uploads\/2020\/06\/utrzymanie_ruchu3-1024x683.jpg\" class=\"attachment-large size-large wp-image-982\" alt=\"\" srcset=\"https:\/\/www.tmctechnik.pl\/wp-content\/uploads\/2020\/06\/utrzymanie_ruchu3-1024x683.jpg 1024w, https:\/\/www.tmctechnik.pl\/wp-content\/uploads\/2020\/06\/utrzymanie_ruchu3-300x200.jpg 300w, https:\/\/www.tmctechnik.pl\/wp-content\/uploads\/2020\/06\/utrzymanie_ruchu3-768x512.jpg 768w, https:\/\/www.tmctechnik.pl\/wp-content\/uploads\/2020\/06\/utrzymanie_ruchu3-930x620.jpg 930w, https:\/\/www.tmctechnik.pl\/wp-content\/uploads\/2020\/06\/utrzymanie_ruchu3.jpg 1200w\" sizes=\"(max-width: 1024px) 100vw, 1024px\" \/>\t\t\t\t\t\t\t\t\t\t\t\t\t\t\t<\/div>\n\t\t\t\t<\/div>\n\t\t\t\t\t<\/div>\n\t\t<\/div>\n\t\t\t\t\t<\/div>\n\t\t<\/section>\n\t\t\t\t\t<\/div>\n\t\t<\/div>\n\t\t\t\t\t<\/div>\n\t\t<\/section>\n\t\t\t\t<\/div>\n\t\t","protected":false},"excerpt":{"rendered":"<p>Wir bieten unseren Kunden professionelle Bedienung im Bereich der Instandhaltung an: Produktion von Ersatzteilen und Reparatur von bestehenden Teilen, Wiederherstellung der Produktionskapazit\u00e4t auf gew\u00fcnschtem Niveau, Erh\u00f6hung der Kapazit\u00e4ten und Leistungsf\u00e4higkeit, Verbesserung der Arbeitssicherheit, Innovation der genutzten Technologien Lieferung von Elementen zur Haltung des Produktionsverkehrs. Das Angebot im Bereich der Instandhaltung ist f\u00fcr Personen bestimmt, die&hellip;&nbsp;<a href=\"https:\/\/www.tmctechnik.pl\/index.php\/de\/instandhaltung\/\" rel=\"bookmark\">Dowiedz si\u0119 wi\u0119cej &raquo;<span class=\"screen-reader-text\">Instandhaltung<\/span><\/a><\/p>\n","protected":false},"author":1,"featured_media":0,"parent":0,"menu_order":0,"comment_status":"closed","ping_status":"closed","template":"","meta":{"neve_meta_sidebar":"full-width","neve_meta_container":"","neve_meta_enable_content_width":"on","neve_meta_content_width":100,"neve_meta_title_alignment":"","neve_meta_author_avatar":"","neve_post_elements_order":"","neve_meta_disable_header":"","neve_meta_disable_footer":"","neve_meta_disable_title":"","footnotes":""},"class_list":["post-1197","page","type-page","status-publish","hentry"],"yoast_head":"<!-- This site is optimized with the Yoast SEO Premium plugin v14.9 - https:\/\/yoast.com\/wordpress\/plugins\/seo\/ -->\n<title>Instandhaltung - Ci\u0119cie laserem<\/title>\n<meta name=\"robots\" content=\"index, follow, max-snippet:-1, max-image-preview:large, max-video-preview:-1\" \/>\n<link rel=\"canonical\" href=\"https:\/\/www.tmctechnik.pl\/index.php\/de\/instandhaltung\/\" \/>\n<meta property=\"og:locale\" content=\"pl_PL\" \/>\n<meta property=\"og:type\" content=\"article\" \/>\n<meta property=\"og:title\" content=\"Instandhaltung - Ci\u0119cie laserem\" \/>\n<meta property=\"og:description\" content=\"Wir bieten unseren Kunden professionelle Bedienung im Bereich der Instandhaltung an: Produktion von Ersatzteilen und Reparatur von bestehenden Teilen, Wiederherstellung der Produktionskapazit\u00e4t auf gew\u00fcnschtem Niveau, Erh\u00f6hung der Kapazit\u00e4ten und Leistungsf\u00e4higkeit, Verbesserung der Arbeitssicherheit, Innovation der genutzten Technologien Lieferung von Elementen zur Haltung des Produktionsverkehrs. Das Angebot im Bereich der Instandhaltung ist f\u00fcr Personen bestimmt, die&hellip;&nbsp;Dowiedz si\u0119 wi\u0119cej &raquo;Instandhaltung\" \/>\n<meta property=\"og:url\" content=\"https:\/\/www.tmctechnik.pl\/index.php\/de\/instandhaltung\/\" \/>\n<meta property=\"og:site_name\" content=\"Ci\u0119cie laserem\" \/>\n<meta property=\"article:modified_time\" content=\"2020-07-08T18:54:03+00:00\" \/>\n<meta property=\"og:image\" content=\"https:\/\/www.tmctechnik.pl\/wp-content\/uploads\/2020\/06\/utrzymanie_ruchu2-1024x683.jpg\" \/>\n<meta name=\"twitter:card\" content=\"summary_large_image\" \/>\n<script type=\"application\/ld+json\" class=\"yoast-schema-graph\">{\"@context\":\"https:\/\/schema.org\",\"@graph\":[{\"@type\":\"WebSite\",\"@id\":\"https:\/\/www.tmctechnik.pl\/#website\",\"url\":\"https:\/\/www.tmctechnik.pl\/\",\"name\":\"Ci\\u0119cie laserem\",\"description\":\"TMC TECHNIK\",\"potentialAction\":[{\"@type\":\"SearchAction\",\"target\":\"https:\/\/www.tmctechnik.pl\/?s={search_term_string}\",\"query-input\":\"required name=search_term_string\"}],\"inLanguage\":\"pl-PL\"},{\"@type\":\"ImageObject\",\"@id\":\"https:\/\/www.tmctechnik.pl\/index.php\/de\/instandhaltung\/#primaryimage\",\"inLanguage\":\"pl-PL\",\"url\":\"https:\/\/www.tmctechnik.pl\/wp-content\/uploads\/2020\/06\/utrzymanie_ruchu2.jpg\",\"width\":1200,\"height\":800},{\"@type\":\"WebPage\",\"@id\":\"https:\/\/www.tmctechnik.pl\/index.php\/de\/instandhaltung\/#webpage\",\"url\":\"https:\/\/www.tmctechnik.pl\/index.php\/de\/instandhaltung\/\",\"name\":\"Instandhaltung - Ci\\u0119cie laserem\",\"isPartOf\":{\"@id\":\"https:\/\/www.tmctechnik.pl\/#website\"},\"primaryImageOfPage\":{\"@id\":\"https:\/\/www.tmctechnik.pl\/index.php\/de\/instandhaltung\/#primaryimage\"},\"datePublished\":\"2020-07-08T18:49:26+00:00\",\"dateModified\":\"2020-07-08T18:54:03+00:00\",\"inLanguage\":\"pl-PL\",\"potentialAction\":[{\"@type\":\"ReadAction\",\"target\":[\"https:\/\/www.tmctechnik.pl\/index.php\/de\/instandhaltung\/\"]}]}]}<\/script>\n<!-- \/ Yoast SEO Premium plugin. -->","_links":{"self":[{"href":"https:\/\/www.tmctechnik.pl\/index.php\/wp-json\/wp\/v2\/pages\/1197","targetHints":{"allow":["GET"]}}],"collection":[{"href":"https:\/\/www.tmctechnik.pl\/index.php\/wp-json\/wp\/v2\/pages"}],"about":[{"href":"https:\/\/www.tmctechnik.pl\/index.php\/wp-json\/wp\/v2\/types\/page"}],"author":[{"embeddable":true,"href":"https:\/\/www.tmctechnik.pl\/index.php\/wp-json\/wp\/v2\/users\/1"}],"replies":[{"embeddable":true,"href":"https:\/\/www.tmctechnik.pl\/index.php\/wp-json\/wp\/v2\/comments?post=1197"}],"version-history":[{"count":3,"href":"https:\/\/www.tmctechnik.pl\/index.php\/wp-json\/wp\/v2\/pages\/1197\/revisions"}],"predecessor-version":[{"id":1200,"href":"https:\/\/www.tmctechnik.pl\/index.php\/wp-json\/wp\/v2\/pages\/1197\/revisions\/1200"}],"wp:attachment":[{"href":"https:\/\/www.tmctechnik.pl\/index.php\/wp-json\/wp\/v2\/media?parent=1197"}],"curies":[{"name":"wp","href":"https:\/\/api.w.org\/{rel}","templated":true}]}}