{"id":1182,"date":"2020-07-08T18:41:11","date_gmt":"2020-07-08T18:41:11","guid":{"rendered":"https:\/\/www.tmctechnik.pl\/?page_id=1182"},"modified":"2020-07-08T18:43:17","modified_gmt":"2020-07-08T18:43:17","slug":"spanbearbeitung","status":"publish","type":"page","link":"https:\/\/www.tmctechnik.pl\/index.php\/de\/spanbearbeitung\/","title":{"rendered":"Spanbearbeitung"},"content":{"rendered":"\t\t<div data-elementor-type=\"wp-page\" data-elementor-id=\"1182\" class=\"elementor elementor-1182\">\n\t\t\t\t\t\t<section class=\"elementor-section elementor-top-section elementor-element elementor-element-103dfa12 elementor-section-boxed elementor-section-height-default elementor-section-height-default\" data-id=\"103dfa12\" data-element_type=\"section\">\n\t\t\t\t\t\t<div class=\"elementor-container elementor-column-gap-default\">\n\t\t\t\t\t<div class=\"elementor-column elementor-col-100 elementor-top-column elementor-element elementor-element-51f104dc\" data-id=\"51f104dc\" data-element_type=\"column\">\n\t\t\t<div class=\"elementor-widget-wrap elementor-element-populated\">\n\t\t\t\t\t\t\t<\/div>\n\t\t<\/div>\n\t\t\t\t\t<\/div>\n\t\t<\/section>\n\t\t\t\t<section class=\"elementor-section elementor-top-section elementor-element elementor-element-af659c6 elementor-section-boxed elementor-section-height-default elementor-section-height-default\" data-id=\"af659c6\" data-element_type=\"section\">\n\t\t\t\t\t\t<div class=\"elementor-container elementor-column-gap-default\">\n\t\t\t\t\t<div class=\"elementor-column elementor-col-50 elementor-top-column elementor-element elementor-element-ea09abb\" data-id=\"ea09abb\" data-element_type=\"column\">\n\t\t\t<div class=\"elementor-widget-wrap elementor-element-populated\">\n\t\t\t\t\t\t<div class=\"elementor-element elementor-element-178daba elementor-widget elementor-widget-text-editor\" data-id=\"178daba\" data-element_type=\"widget\" data-widget_type=\"text-editor.default\">\n\t\t\t\t<div class=\"elementor-widget-container\">\n\t\t\t\t\t\t\t\t\t<p>Unser Unternehmen spezialisiert sich in den CNC-Dreharbeiten von Einzelteilen, Teilen in Kleinserien sowie Gro\u00dfserien. Wir bieten das CNC-Fr\u00e4sen auf 3- und 4-achsigen Werkzeugmaschinen an. Dank der Verwendung von CNC-Bearbeitungszentren der renommierten Produzenten sind wir in der Lage die hohe Qualit\u00e4t, Pr\u00e4zision und Wiederholbarkeit der produzierten Teile zu gew\u00e4hren. <br><\/p><p>Wir erbringen im Bereich der Zerspanung folgende Leistungen:<\/p>\n<ul>\n<li>CNC-Drehen \u2013 maximale Masse des Teils: 1500\u00d7550 mm,<\/li>\n<li>CNC-Fr\u00e4sen \u2013 maximale Masse des Teils: 1000x550x500 mm,<\/li>\n<li>Fl\u00e4chenschleifen \u2013 maximale Masse des Teils: 1100x400x400 mm,<\/li>\n<li>Erodieren \u2013 maximale Masse des Teils: 500x400x500 mm,<\/li>\n<li>Schneiden \u2013 maximale Masse des Teils: fi320 mm,<\/li>\n<li>MIG\/MAG- und TIG-Schwei\u00dfen<\/li>\n<li>Bohren,<\/li>\n<li>Sandstrahlen\/Glasperlenstrahlen\/Sodastrahlen<\/li>\n<\/ul>\t\t\t\t\t\t\t\t<\/div>\n\t\t\t\t<\/div>\n\t\t\t\t\t<\/div>\n\t\t<\/div>\n\t\t\t\t<div class=\"elementor-column elementor-col-50 elementor-top-column elementor-element elementor-element-e51a6aa\" data-id=\"e51a6aa\" data-element_type=\"column\">\n\t\t\t<div class=\"elementor-widget-wrap elementor-element-populated\">\n\t\t\t\t\t\t<div class=\"elementor-element elementor-element-61de657 elementor-invisible elementor-widget elementor-widget-image\" data-id=\"61de657\" data-element_type=\"widget\" data-settings=\"{&quot;_animation&quot;:&quot;fadeInRight&quot;}\" data-widget_type=\"image.default\">\n\t\t\t\t<div class=\"elementor-widget-container\">\n\t\t\t\t\t\t\t\t\t\t\t\t\t\t\t<img fetchpriority=\"high\" decoding=\"async\" width=\"1024\" height=\"683\" src=\"https:\/\/www.tmctechnik.pl\/wp-content\/uploads\/2020\/06\/obrobka_skrawaniem1-1024x683.jpg\" class=\"attachment-large size-large wp-image-958\" alt=\"\" srcset=\"https:\/\/www.tmctechnik.pl\/wp-content\/uploads\/2020\/06\/obrobka_skrawaniem1-1024x683.jpg 1024w, https:\/\/www.tmctechnik.pl\/wp-content\/uploads\/2020\/06\/obrobka_skrawaniem1-300x200.jpg 300w, https:\/\/www.tmctechnik.pl\/wp-content\/uploads\/2020\/06\/obrobka_skrawaniem1-768x512.jpg 768w, https:\/\/www.tmctechnik.pl\/wp-content\/uploads\/2020\/06\/obrobka_skrawaniem1-930x620.jpg 930w, https:\/\/www.tmctechnik.pl\/wp-content\/uploads\/2020\/06\/obrobka_skrawaniem1.jpg 1200w\" sizes=\"(max-width: 1024px) 100vw, 1024px\" \/>\t\t\t\t\t\t\t\t\t\t\t\t\t\t\t<\/div>\n\t\t\t\t<\/div>\n\t\t\t\t\t<\/div>\n\t\t<\/div>\n\t\t\t\t\t<\/div>\n\t\t<\/section>\n\t\t\t\t<section class=\"elementor-section elementor-top-section elementor-element elementor-element-52f0b23 elementor-section-boxed elementor-section-height-default elementor-section-height-default\" data-id=\"52f0b23\" data-element_type=\"section\">\n\t\t\t\t\t\t<div class=\"elementor-container elementor-column-gap-default\">\n\t\t\t\t\t<div class=\"elementor-column elementor-col-50 elementor-top-column elementor-element elementor-element-6c745d6\" data-id=\"6c745d6\" data-element_type=\"column\">\n\t\t\t<div class=\"elementor-widget-wrap elementor-element-populated\">\n\t\t\t\t\t\t<div class=\"elementor-element elementor-element-c646219 elementor-invisible elementor-widget elementor-widget-image\" data-id=\"c646219\" data-element_type=\"widget\" data-settings=\"{&quot;_animation&quot;:&quot;slideInLeft&quot;}\" data-widget_type=\"image.default\">\n\t\t\t\t<div class=\"elementor-widget-container\">\n\t\t\t\t\t\t\t\t\t\t\t\t\t\t\t<img decoding=\"async\" width=\"1024\" height=\"683\" src=\"https:\/\/www.tmctechnik.pl\/wp-content\/uploads\/2020\/06\/obrobka_skrawaniem2-1024x683.jpg\" class=\"attachment-large size-large wp-image-960\" alt=\"\" srcset=\"https:\/\/www.tmctechnik.pl\/wp-content\/uploads\/2020\/06\/obrobka_skrawaniem2-1024x683.jpg 1024w, https:\/\/www.tmctechnik.pl\/wp-content\/uploads\/2020\/06\/obrobka_skrawaniem2-300x200.jpg 300w, https:\/\/www.tmctechnik.pl\/wp-content\/uploads\/2020\/06\/obrobka_skrawaniem2-768x512.jpg 768w, https:\/\/www.tmctechnik.pl\/wp-content\/uploads\/2020\/06\/obrobka_skrawaniem2-930x620.jpg 930w, https:\/\/www.tmctechnik.pl\/wp-content\/uploads\/2020\/06\/obrobka_skrawaniem2.jpg 1200w\" sizes=\"(max-width: 1024px) 100vw, 1024px\" \/>\t\t\t\t\t\t\t\t\t\t\t\t\t\t\t<\/div>\n\t\t\t\t<\/div>\n\t\t\t\t\t<\/div>\n\t\t<\/div>\n\t\t\t\t<div class=\"elementor-column elementor-col-50 elementor-top-column elementor-element elementor-element-6035deb\" data-id=\"6035deb\" data-element_type=\"column\">\n\t\t\t<div class=\"elementor-widget-wrap elementor-element-populated\">\n\t\t\t\t\t\t<div class=\"elementor-element elementor-element-e8c46a9 elementor-invisible elementor-widget elementor-widget-image\" data-id=\"e8c46a9\" data-element_type=\"widget\" data-settings=\"{&quot;_animation&quot;:&quot;slideInRight&quot;}\" data-widget_type=\"image.default\">\n\t\t\t\t<div class=\"elementor-widget-container\">\n\t\t\t\t\t\t\t\t\t\t\t\t\t\t\t<img decoding=\"async\" width=\"1024\" height=\"683\" src=\"https:\/\/www.tmctechnik.pl\/wp-content\/uploads\/2020\/06\/obrobka_skrawaniem3-1024x683.jpg\" class=\"attachment-large size-large wp-image-961\" alt=\"\" srcset=\"https:\/\/www.tmctechnik.pl\/wp-content\/uploads\/2020\/06\/obrobka_skrawaniem3-1024x683.jpg 1024w, https:\/\/www.tmctechnik.pl\/wp-content\/uploads\/2020\/06\/obrobka_skrawaniem3-300x200.jpg 300w, https:\/\/www.tmctechnik.pl\/wp-content\/uploads\/2020\/06\/obrobka_skrawaniem3-768x512.jpg 768w, https:\/\/www.tmctechnik.pl\/wp-content\/uploads\/2020\/06\/obrobka_skrawaniem3-930x620.jpg 930w, https:\/\/www.tmctechnik.pl\/wp-content\/uploads\/2020\/06\/obrobka_skrawaniem3.jpg 1200w\" sizes=\"(max-width: 1024px) 100vw, 1024px\" \/>\t\t\t\t\t\t\t\t\t\t\t\t\t\t\t<\/div>\n\t\t\t\t<\/div>\n\t\t\t\t\t<\/div>\n\t\t<\/div>\n\t\t\t\t\t<\/div>\n\t\t<\/section>\n\t\t\t\t<\/div>\n\t\t","protected":false},"excerpt":{"rendered":"<p>Unser Unternehmen spezialisiert sich in den CNC-Dreharbeiten von Einzelteilen, Teilen in Kleinserien sowie Gro\u00dfserien. Wir bieten das CNC-Fr\u00e4sen auf 3- und 4-achsigen Werkzeugmaschinen an. Dank der Verwendung von CNC-Bearbeitungszentren der renommierten Produzenten sind wir in der Lage die hohe Qualit\u00e4t, Pr\u00e4zision und Wiederholbarkeit der produzierten Teile zu gew\u00e4hren. Wir erbringen im Bereich der Zerspanung folgende&hellip;&nbsp;<a href=\"https:\/\/www.tmctechnik.pl\/index.php\/de\/spanbearbeitung\/\" rel=\"bookmark\">Dowiedz si\u0119 wi\u0119cej &raquo;<span class=\"screen-reader-text\">Spanbearbeitung<\/span><\/a><\/p>\n","protected":false},"author":1,"featured_media":0,"parent":0,"menu_order":0,"comment_status":"closed","ping_status":"closed","template":"","meta":{"neve_meta_sidebar":"full-width","neve_meta_container":"","neve_meta_enable_content_width":"on","neve_meta_content_width":100,"neve_meta_title_alignment":"","neve_meta_author_avatar":"","neve_post_elements_order":"","neve_meta_disable_header":"","neve_meta_disable_footer":"","neve_meta_disable_title":"","footnotes":""},"class_list":["post-1182","page","type-page","status-publish","hentry"],"yoast_head":"<!-- This site is optimized with the Yoast SEO Premium plugin v14.9 - https:\/\/yoast.com\/wordpress\/plugins\/seo\/ -->\n<title>Spanbearbeitung - Ci\u0119cie laserem<\/title>\n<meta name=\"robots\" content=\"index, follow, max-snippet:-1, max-image-preview:large, max-video-preview:-1\" \/>\n<link rel=\"canonical\" href=\"https:\/\/www.tmctechnik.pl\/index.php\/de\/spanbearbeitung\/\" \/>\n<meta property=\"og:locale\" content=\"pl_PL\" \/>\n<meta property=\"og:type\" content=\"article\" \/>\n<meta property=\"og:title\" content=\"Spanbearbeitung - Ci\u0119cie laserem\" \/>\n<meta property=\"og:description\" content=\"Unser Unternehmen spezialisiert sich in den CNC-Dreharbeiten von Einzelteilen, Teilen in Kleinserien sowie Gro\u00dfserien. Wir bieten das CNC-Fr\u00e4sen auf 3- und 4-achsigen Werkzeugmaschinen an. Dank der Verwendung von CNC-Bearbeitungszentren der renommierten Produzenten sind wir in der Lage die hohe Qualit\u00e4t, Pr\u00e4zision und Wiederholbarkeit der produzierten Teile zu gew\u00e4hren. Wir erbringen im Bereich der Zerspanung folgende&hellip;&nbsp;Dowiedz si\u0119 wi\u0119cej &raquo;Spanbearbeitung\" \/>\n<meta property=\"og:url\" content=\"https:\/\/www.tmctechnik.pl\/index.php\/de\/spanbearbeitung\/\" \/>\n<meta property=\"og:site_name\" content=\"Ci\u0119cie laserem\" \/>\n<meta property=\"article:modified_time\" content=\"2020-07-08T18:43:17+00:00\" \/>\n<meta property=\"og:image\" content=\"https:\/\/www.tmctechnik.pl\/wp-content\/uploads\/2020\/06\/obrobka_skrawaniem1-1024x683.jpg\" \/>\n<meta name=\"twitter:card\" content=\"summary_large_image\" \/>\n<script type=\"application\/ld+json\" class=\"yoast-schema-graph\">{\"@context\":\"https:\/\/schema.org\",\"@graph\":[{\"@type\":\"WebSite\",\"@id\":\"https:\/\/www.tmctechnik.pl\/#website\",\"url\":\"https:\/\/www.tmctechnik.pl\/\",\"name\":\"Ci\\u0119cie laserem\",\"description\":\"TMC TECHNIK\",\"potentialAction\":[{\"@type\":\"SearchAction\",\"target\":\"https:\/\/www.tmctechnik.pl\/?s={search_term_string}\",\"query-input\":\"required name=search_term_string\"}],\"inLanguage\":\"pl-PL\"},{\"@type\":\"ImageObject\",\"@id\":\"https:\/\/www.tmctechnik.pl\/index.php\/de\/spanbearbeitung\/#primaryimage\",\"inLanguage\":\"pl-PL\",\"url\":\"https:\/\/www.tmctechnik.pl\/wp-content\/uploads\/2020\/06\/obrobka_skrawaniem1.jpg\",\"width\":1200,\"height\":800},{\"@type\":\"WebPage\",\"@id\":\"https:\/\/www.tmctechnik.pl\/index.php\/de\/spanbearbeitung\/#webpage\",\"url\":\"https:\/\/www.tmctechnik.pl\/index.php\/de\/spanbearbeitung\/\",\"name\":\"Spanbearbeitung - Ci\\u0119cie laserem\",\"isPartOf\":{\"@id\":\"https:\/\/www.tmctechnik.pl\/#website\"},\"primaryImageOfPage\":{\"@id\":\"https:\/\/www.tmctechnik.pl\/index.php\/de\/spanbearbeitung\/#primaryimage\"},\"datePublished\":\"2020-07-08T18:41:11+00:00\",\"dateModified\":\"2020-07-08T18:43:17+00:00\",\"inLanguage\":\"pl-PL\",\"potentialAction\":[{\"@type\":\"ReadAction\",\"target\":[\"https:\/\/www.tmctechnik.pl\/index.php\/de\/spanbearbeitung\/\"]}]}]}<\/script>\n<!-- \/ Yoast SEO Premium plugin. -->","_links":{"self":[{"href":"https:\/\/www.tmctechnik.pl\/index.php\/wp-json\/wp\/v2\/pages\/1182","targetHints":{"allow":["GET"]}}],"collection":[{"href":"https:\/\/www.tmctechnik.pl\/index.php\/wp-json\/wp\/v2\/pages"}],"about":[{"href":"https:\/\/www.tmctechnik.pl\/index.php\/wp-json\/wp\/v2\/types\/page"}],"author":[{"embeddable":true,"href":"https:\/\/www.tmctechnik.pl\/index.php\/wp-json\/wp\/v2\/users\/1"}],"replies":[{"embeddable":true,"href":"https:\/\/www.tmctechnik.pl\/index.php\/wp-json\/wp\/v2\/comments?post=1182"}],"version-history":[{"count":4,"href":"https:\/\/www.tmctechnik.pl\/index.php\/wp-json\/wp\/v2\/pages\/1182\/revisions"}],"predecessor-version":[{"id":1186,"href":"https:\/\/www.tmctechnik.pl\/index.php\/wp-json\/wp\/v2\/pages\/1182\/revisions\/1186"}],"wp:attachment":[{"href":"https:\/\/www.tmctechnik.pl\/index.php\/wp-json\/wp\/v2\/media?parent=1182"}],"curies":[{"name":"wp","href":"https:\/\/api.w.org\/{rel}","templated":true}]}}